{"id":15,"date":"2024-03-28T11:23:25","date_gmt":"2024-03-28T10:23:25","guid":{"rendered":"http:\/\/epb-larochelle.fr\/index.php\/panier\/"},"modified":"2024-03-28T11:23:25","modified_gmt":"2024-03-28T10:23:25","slug":"panier","status":"publish","type":"page","link":"https:\/\/epb-larochelle.fr\/index.php\/panier\/","title":{"rendered":"Panier"},"content":{"rendered":"\n<div data-block-name=\"woocommerce\/cart\" class=\"wp-block-woocommerce-cart alignwide is-loading\">\n<div data-block-name=\"woocommerce\/filled-cart-block\" class=\"wp-block-woocommerce-filled-cart-block\">\n<div data-block-name=\"woocommerce\/cart-items-block\" class=\"wp-block-woocommerce-cart-items-block\">\n<div data-block-name=\"woocommerce\/cart-line-items-block\" class=\"wp-block-woocommerce-cart-line-items-block\"><\/div>\n\n\n\n<div data-block-name=\"woocommerce\/cart-cross-sells-block\" class=\"wp-block-woocommerce-cart-cross-sells-block\">\n<h2 class=\"wp-block-heading has-large-font-size\">\u00c7a peut vous int\u00e9resser&#8230;<\/h2>\n\n\n\n<div data-block-name=\"woocommerce\/cart-cross-sells-products-block\" class=\"wp-block-woocommerce-cart-cross-sells-products-block\"><\/div>\n<\/div>\n<\/div>\n\n\n\n<div data-block-name=\"woocommerce\/cart-totals-block\" class=\"wp-block-woocommerce-cart-totals-block\">\n<div data-block-name=\"woocommerce\/cart-order-summary-block\" class=\"wp-block-woocommerce-cart-order-summary-block\">\n<div data-block-name=\"woocommerce\/cart-order-summary-heading-block\" class=\"wp-block-woocommerce-cart-order-summary-heading-block\"><\/div><div data-block-name=\"woocommerce\/cart-order-summary-coupon-form-block\" class=\"wp-block-woocommerce-cart-order-summary-coupon-form-block\"><\/div><div data-block-name=\"woocommerce\/cart-order-summary-totals-block\" class=\"wp-block-woocommerce-cart-order-summary-totals-block\">\n<div data-block-name=\"woocommerce\/cart-order-summary-subtotal-block\" class=\"wp-block-woocommerce-cart-order-summary-subtotal-block\"><\/div>\n<div data-block-name=\"woocommerce\/cart-order-summary-discount-block\" class=\"wp-block-woocommerce-cart-order-summary-discount-block\"><\/div>\n<div data-block-name=\"woocommerce\/cart-order-summary-fee-block\" class=\"wp-block-woocommerce-cart-order-summary-fee-block\"><\/div>\n<div data-block-name=\"woocommerce\/cart-order-summary-shipping-block\" class=\"wp-block-woocommerce-cart-order-summary-shipping-block\"><\/div>\n<div data-block-name=\"woocommerce\/cart-order-summary-taxes-block\" class=\"wp-block-woocommerce-cart-order-summary-taxes-block\"><\/div><\/div>\n<\/div>\n\n\n\n<div data-block-name=\"woocommerce\/cart-express-payment-block\" class=\"wp-block-woocommerce-cart-express-payment-block\"><\/div>\n\n\n\n<div data-block-name=\"woocommerce\/proceed-to-checkout-block\" class=\"wp-block-woocommerce-proceed-to-checkout-block\"><\/div>\n\n\n\n<div data-block-name=\"woocommerce\/cart-accepted-payment-methods-block\" class=\"wp-block-woocommerce-cart-accepted-payment-methods-block\"><\/div>\n<\/div>\n<\/div>\n\n\n\n<div data-block-name=\"woocommerce\/empty-cart-block\" class=\"wp-block-woocommerce-empty-cart-block\">\n<h2 class=\"wp-block-heading has-text-align-center with-empty-cart-icon wc-block-cart__empty-cart__title\">Votre panier est actuellement vide\u00a0!<\/h2>\n\n\n\n<hr class=\"wp-block-separator has-alpha-channel-opacity is-style-dots\"\/>\n\n\n\n<h2 class=\"wp-block-heading has-text-align-center\">Nouveau dans la boutique<\/h2>\n\n\n<div data-block-name=\"woocommerce\/product-new\" data-columns=\"4\" data-rows=\"1\" class=\"wc-block-grid wp-block-product-new wp-block-woocommerce-product-new wc-block-product-new has-4-columns\"><ul class=\"wc-block-grid__products\"><li class=\"wc-block-grid__product\">\n\t\t\t\t<a href=\"https:\/\/epb-larochelle.fr\/index.php\/produit\/stage-rapide-permis-cotier-en-2-jours\/\" class=\"wc-block-grid__product-link\">\n\t\t\t\t\t<div class=\"wc-block-grid__product-onsale\">\n\t\t\t<span aria-hidden=\"true\">Promo<\/span>\n\t\t\t<span class=\"screen-reader-text\">Produit en promotion<\/span>\n\t\t<\/div>\n\t\t\t\t\t<div class=\"wc-block-grid__product-image\"><img fetchpriority=\"high\" decoding=\"async\" width=\"450\" height=\"250\" src=\"https:\/\/epb-larochelle.fr\/wp-content\/uploads\/2024\/03\/PERMIS-COTIER-STAGE-450x250.jpg\" class=\"attachment-woocommerce_thumbnail size-woocommerce_thumbnail\" alt=\"Permis Acc\u00e9l\u00e9r\u00e9 1j ou 2j\" srcset=\"https:\/\/epb-larochelle.fr\/wp-content\/uploads\/2024\/03\/PERMIS-COTIER-STAGE-450x250.jpg 450w, https:\/\/epb-larochelle.fr\/wp-content\/uploads\/2024\/03\/PERMIS-COTIER-STAGE-300x167.jpg 300w, https:\/\/epb-larochelle.fr\/wp-content\/uploads\/2024\/03\/PERMIS-COTIER-STAGE-1024x569.jpg 1024w, https:\/\/epb-larochelle.fr\/wp-content\/uploads\/2024\/03\/PERMIS-COTIER-STAGE-768x427.jpg 768w, https:\/\/epb-larochelle.fr\/wp-content\/uploads\/2024\/03\/PERMIS-COTIER-STAGE-800x444.jpg 800w, https:\/\/epb-larochelle.fr\/wp-content\/uploads\/2024\/03\/PERMIS-COTIER-STAGE.jpg 1080w\" sizes=\"(max-width: 450px) 100vw, 450px\" \/><\/div>\n\t\t\t\t\t<div class=\"wc-block-grid__product-title\">Permis Acc\u00e9l\u00e9r\u00e9 1j ou 2j<\/div>\n\t\t\t\t<\/a>\n\t\t\t\t<div class=\"wc-block-grid__product-price price\"><del aria-hidden=\"true\"><span class=\"woocommerce-Price-amount amount\">450,00&nbsp;<span class=\"woocommerce-Price-currencySymbol\">&euro;<\/span><\/span><\/del> <span class=\"screen-reader-text\">Le prix initial \u00e9tait\u00a0: 450,00&nbsp;&euro;.<\/span><ins aria-hidden=\"true\"><span class=\"woocommerce-Price-amount amount\">390,00&nbsp;<span class=\"woocommerce-Price-currencySymbol\">&euro;<\/span><\/span><\/ins><span class=\"screen-reader-text\">Le prix actuel est\u00a0: 390,00&nbsp;&euro;.<\/span><\/div>\n\t\t\t\t\n\t\t\t\t<div class=\"wp-block-button wc-block-grid__product-add-to-cart\"><a href=\"\/index.php\/wp-json\/wp\/v2\/pages\/15?add-to-cart=10476\" aria-label=\"Ajouter au panier\u00a0: &ldquo;Permis Acc\u00e9l\u00e9r\u00e9 1j ou 2j&rdquo;\" data-quantity=\"1\" data-product_id=\"10476\" data-product_sku=\"\" data-price=\"390\" rel=\"nofollow\" class=\"wp-block-button__link  add_to_cart_button ajax_add_to_cart\">Ajouter au panier<\/a><\/div>\n\t\t\t<\/li><li class=\"wc-block-grid__product\">\n\t\t\t\t<a href=\"https:\/\/epb-larochelle.fr\/index.php\/produit\/frais-de-prolongation\/\" class=\"wc-block-grid__product-link\">\n\t\t\t\t\t\n\t\t\t\t\t<div class=\"wc-block-grid__product-image\"><img decoding=\"async\" width=\"450\" height=\"241\" src=\"https:\/\/epb-larochelle.fr\/wp-content\/uploads\/2024\/04\/frais-1-450x241.jpg\" class=\"attachment-woocommerce_thumbnail size-woocommerce_thumbnail\" alt=\"Frais de prolongation\" srcset=\"https:\/\/epb-larochelle.fr\/wp-content\/uploads\/2024\/04\/frais-1-450x241.jpg 450w, https:\/\/epb-larochelle.fr\/wp-content\/uploads\/2024\/04\/frais-1-300x161.jpg 300w, https:\/\/epb-larochelle.fr\/wp-content\/uploads\/2024\/04\/frais-1-1024x548.jpg 1024w, https:\/\/epb-larochelle.fr\/wp-content\/uploads\/2024\/04\/frais-1-768x411.jpg 768w, https:\/\/epb-larochelle.fr\/wp-content\/uploads\/2024\/04\/frais-1-1170x630.jpg 1170w, https:\/\/epb-larochelle.fr\/wp-content\/uploads\/2024\/04\/frais-1-800x429.jpg 800w, https:\/\/epb-larochelle.fr\/wp-content\/uploads\/2024\/04\/frais-1.jpg 1277w\" sizes=\"(max-width: 450px) 100vw, 450px\" \/><\/div>\n\t\t\t\t\t<div class=\"wc-block-grid__product-title\">Frais de prolongation<\/div>\n\t\t\t\t<\/a>\n\t\t\t\t<div class=\"wc-block-grid__product-price price\"><span class=\"woocommerce-Price-amount amount\">120,00&nbsp;<span class=\"woocommerce-Price-currencySymbol\">&euro;<\/span><\/span><\/div>\n\t\t\t\t\n\t\t\t\t<div class=\"wp-block-button wc-block-grid__product-add-to-cart\"><a href=\"\/index.php\/wp-json\/wp\/v2\/pages\/15?add-to-cart=10449\" aria-label=\"Ajouter au panier\u00a0: &ldquo;Frais de prolongation&rdquo;\" data-quantity=\"1\" data-product_id=\"10449\" data-product_sku=\"\" data-price=\"120\" rel=\"nofollow\" class=\"wp-block-button__link  add_to_cart_button ajax_add_to_cart\">Ajouter au panier<\/a><\/div>\n\t\t\t<\/li><li class=\"wc-block-grid__product\">\n\t\t\t\t<a href=\"https:\/\/epb-larochelle.fr\/index.php\/produit\/extension-hauturiere-classique\/\" class=\"wc-block-grid__product-link\">\n\t\t\t\t\t\n\t\t\t\t\t<div class=\"wc-block-grid__product-image\"><img decoding=\"async\" width=\"450\" height=\"253\" src=\"https:\/\/epb-larochelle.fr\/wp-content\/uploads\/2024\/04\/Extension-Hauturiere-classique-450x253.jpg\" class=\"attachment-woocommerce_thumbnail size-woocommerce_thumbnail\" alt=\"Extension Hauturi\u00e8re\u00a0classique\" srcset=\"https:\/\/epb-larochelle.fr\/wp-content\/uploads\/2024\/04\/Extension-Hauturiere-classique-450x253.jpg 450w, https:\/\/epb-larochelle.fr\/wp-content\/uploads\/2024\/04\/Extension-Hauturiere-classique-300x169.jpg 300w, https:\/\/epb-larochelle.fr\/wp-content\/uploads\/2024\/04\/Extension-Hauturiere-classique-1024x576.jpg 1024w, https:\/\/epb-larochelle.fr\/wp-content\/uploads\/2024\/04\/Extension-Hauturiere-classique-768x432.jpg 768w, https:\/\/epb-larochelle.fr\/wp-content\/uploads\/2024\/04\/Extension-Hauturiere-classique-800x450.jpg 800w, https:\/\/epb-larochelle.fr\/wp-content\/uploads\/2024\/04\/Extension-Hauturiere-classique.jpg 1280w\" sizes=\"(max-width: 450px) 100vw, 450px\" \/><\/div>\n\t\t\t\t\t<div class=\"wc-block-grid__product-title\">Extension Hauturi\u00e8re\u00a0classique<\/div>\n\t\t\t\t<\/a>\n\t\t\t\t<div class=\"wc-block-grid__product-price price\"><span class=\"woocommerce-Price-amount amount\">450,00&nbsp;<span class=\"woocommerce-Price-currencySymbol\">&euro;<\/span><\/span><\/div>\n\t\t\t\t\n\t\t\t\t<div class=\"wp-block-button wc-block-grid__product-add-to-cart\"><a href=\"\/index.php\/wp-json\/wp\/v2\/pages\/15?add-to-cart=10007\" aria-label=\"Ajouter au panier\u00a0: &ldquo;Extension Hauturi\u00e8re\u00a0classique&rdquo;\" data-quantity=\"1\" data-product_id=\"10007\" data-product_sku=\"\" data-price=\"450\" rel=\"nofollow\" class=\"wp-block-button__link  add_to_cart_button ajax_add_to_cart\">Ajouter au panier<\/a><\/div>\n\t\t\t<\/li><li class=\"wc-block-grid__product\">\n\t\t\t\t<a href=\"https:\/\/epb-larochelle.fr\/index.php\/produit\/carte-cadeau-fluvial-et-cotier\/\" class=\"wc-block-grid__product-link\">\n\t\t\t\t\t\n\t\t\t\t\t<div class=\"wc-block-grid__product-image\"><img loading=\"lazy\" decoding=\"async\" width=\"450\" height=\"212\" src=\"https:\/\/epb-larochelle.fr\/wp-content\/uploads\/2024\/03\/image-e1716792851309-450x212.jpg\" class=\"attachment-woocommerce_thumbnail size-woocommerce_thumbnail\" alt=\"CARTE CADEAU FLUVIAL ET COTIER\" srcset=\"https:\/\/epb-larochelle.fr\/wp-content\/uploads\/2024\/03\/image-e1716792851309-450x212.jpg 450w, https:\/\/epb-larochelle.fr\/wp-content\/uploads\/2024\/03\/image-e1716792851309-300x141.jpg 300w, https:\/\/epb-larochelle.fr\/wp-content\/uploads\/2024\/03\/image-e1716792851309-1024x481.jpg 1024w, https:\/\/epb-larochelle.fr\/wp-content\/uploads\/2024\/03\/image-e1716792851309-768x361.jpg 768w, https:\/\/epb-larochelle.fr\/wp-content\/uploads\/2024\/03\/image-e1716792851309-800x376.jpg 800w, https:\/\/epb-larochelle.fr\/wp-content\/uploads\/2024\/03\/image-e1716792851309.jpg 1300w\" sizes=\"(max-width: 450px) 100vw, 450px\" \/><\/div>\n\t\t\t\t\t<div class=\"wc-block-grid__product-title\">CARTE CADEAU FLUVIAL ET COTIER<\/div>\n\t\t\t\t<\/a>\n\t\t\t\t<div class=\"wc-block-grid__product-price price\"><span class=\"woocommerce-Price-amount amount\">349,00&nbsp;<span class=\"woocommerce-Price-currencySymbol\">&euro;<\/span><\/span><\/div>\n\t\t\t\t\n\t\t\t\t<div class=\"wp-block-button wc-block-grid__product-add-to-cart\"><a href=\"\/index.php\/wp-json\/wp\/v2\/pages\/15?add-to-cart=9997\" aria-label=\"Ajouter au panier\u00a0: &ldquo;CARTE CADEAU FLUVIAL ET COTIER&rdquo;\" data-quantity=\"1\" data-product_id=\"9997\" data-product_sku=\"\" data-price=\"349\" rel=\"nofollow\" class=\"wp-block-button__link  add_to_cart_button ajax_add_to_cart\">Ajouter au panier<\/a><\/div>\n\t\t\t<\/li><\/ul><\/div><\/div>\n<\/div>\n","protected":false},"excerpt":{"rendered":"","protected":false},"author":1,"featured_media":0,"parent":0,"menu_order":0,"comment_status":"closed","ping_status":"closed","template":"","meta":{"footnotes":""},"class_list":["post-15","page","type-page","status-publish","hentry"],"_links":{"self":[{"href":"https:\/\/epb-larochelle.fr\/index.php\/wp-json\/wp\/v2\/pages\/15","targetHints":{"allow":["GET"]}}],"collection":[{"href":"https:\/\/epb-larochelle.fr\/index.php\/wp-json\/wp\/v2\/pages"}],"about":[{"href":"https:\/\/epb-larochelle.fr\/index.php\/wp-json\/wp\/v2\/types\/page"}],"author":[{"embeddable":true,"href":"https:\/\/epb-larochelle.fr\/index.php\/wp-json\/wp\/v2\/users\/1"}],"replies":[{"embeddable":true,"href":"https:\/\/epb-larochelle.fr\/index.php\/wp-json\/wp\/v2\/comments?post=15"}],"version-history":[{"count":0,"href":"https:\/\/epb-larochelle.fr\/index.php\/wp-json\/wp\/v2\/pages\/15\/revisions"}],"wp:attachment":[{"href":"https:\/\/epb-larochelle.fr\/index.php\/wp-json\/wp\/v2\/media?parent=15"}],"curies":[{"name":"wp","href":"https:\/\/api.w.org\/{rel}","templated":true}]}}