{"id":10476,"date":"2024-04-26T13:31:11","date_gmt":"2024-04-26T11:31:11","guid":{"rendered":"https:\/\/epb-larochelle.fr\/?post_type=product&#038;p=10476"},"modified":"2026-03-24T16:39:16","modified_gmt":"2026-03-24T15:39:16","slug":"stage-rapide-permis-cotier-en-2-jours","status":"publish","type":"product","link":"https:\/\/epb-larochelle.fr\/index.php\/produit\/stage-rapide-permis-cotier-en-2-jours\/","title":{"rendered":"Permis Acc\u00e9l\u00e9r\u00e9 1j ou 2j"},"content":{"rendered":"<p><em><strong>PERMIS RAPIDE 2 jours<\/strong><\/em><\/p>\n<p>Voici comment cela se passe :<\/p>\n<p>&#8211; Pr\u00e9alablement \u00e0 votre inscription-paiement de la prestation ou versement d&rsquo;un acompte de 160\u20ac et le solde le jour du stage.<\/p>\n<p>&#8211; Ouverture de la formation en ligne pour le permis s\u00e9lectionn\u00e9<\/p>\n<p>&#8211; Envoi par mail dossier inscription<\/p>\n<p>prise des rendez vous pour : la journ\u00e9e th\u00e9orique de 9h15 \u00e0 17h30 env en pr\u00e9sentiel dans nos locaux, le lendemain matin ou apr\u00e8s midi passage de la pratique \u00e0 bord du bateau (certification des comp\u00e9tences ), puis dans l&rsquo;apr\u00e8s midi ou la matin\u00e9e inscription \u00e0 l&rsquo;examen aupr\u00e8s d&rsquo;un operateur agr\u00e9\u00e9. Vous avez aussi la possibilit\u00e9 de passer le code pr\u00e8s de votre domicile.<\/p>\n<p>Cette prestation exige que le dossier d&rsquo;inscription soit complet pour l&rsquo;entr\u00e9e en formation th\u00e9orique 2 semaines avant.<\/p>\n<p><span style=\"color: #ff0000;\"><b>ATTENTION : le centre est ferm\u00e9 le dimanche, nous r\u00e9alisons nos prestations du lundi au samedi inclus.<\/b><\/span><\/p>\n<p>Cette prestation s&rsquo;entend hors timbre fiscal de 78\u20ac et hors frais d&rsquo;inscription au code de 30\u20ac aupr\u00e8s d&rsquo;un op\u00e9rateurs agr\u00e9e (nous vous fournissons les liens lors de votre journ\u00e9e th\u00e9orique )<\/p>\n<p><strong><em>PERMIS RAPIDE 1 JOUR<\/em><\/strong><\/p>\n<p>-pr\u00e9alablement \u00e0 votre inscription-paiement de la prestation ou versement d&rsquo;un acompte de 160\u20ac et le solde le jour du stage.<\/p>\n<p>-ouverture de la formation en ligne pour le permis s\u00e9lectionn\u00e9<\/p>\n<p>-Envoi par mail dossier inscription<\/p>\n<p>prise des rendez vous pour : la journ\u00e9e th\u00e9orique de 8h00 \u00e0 13h30\u00a0 en pr\u00e9sentiel dans nos locaux, pratique l&rsquo;apr\u00e8s midi de 14h00 \u00e0 17h30. Vous repartez avec votre num\u00e9ro candidat qui vous permet de vous inscrire au code pr\u00e8s de votre domicile. Le permis sera valid\u00e9 d\u00e8s la r\u00e9ussite de l&rsquo;examen du code.<\/p>\n<p>Cette prestation exige que le dossier d&rsquo;inscription soit complet pour l&rsquo;entr\u00e9e en formation th\u00e9orique 2 semaines avant.<\/p>\n<p><span style=\"color: #ff0000;\"><b>ATTENTION : le centre est ferm\u00e9 le dimanche, nous r\u00e9alisons nos prestations du lundi au samedi inclus.<\/b><\/span><\/p>\n<p>Cette prestation s&rsquo;entend hors timbre fiscal de 78\u20ac et hors frais d&rsquo;inscription au code de 30\u20ac aupr\u00e8s d&rsquo;un op\u00e9rateurs agr\u00e9\u00e9 (nous vous fournissons les liens lors de votre journ\u00e9e th\u00e9orique )<\/p>\n<p>&nbsp;<\/p>\n","protected":false},"excerpt":{"rendered":"<h5>Passez votre permis c\u00f4tier en 1 ou 2 jours.<\/h5>\n<p>Pr\u00e9alablement, nous vous demanderons de constituer votre dossier 3 semaines \u00e0 l\u2019avance avant la date de passage de votre examen du code.<br \/>\nNous r\u00e9serverons ensemble1 ou 2 jours : 1 journ\u00e9e de formation th\u00e9orique (6h30 de cours en pr\u00e9sentiel obligatoire), le lendemain passage de l\u2019examen du code au matin, passage de la pratique l\u2019apr\u00e8s-midi.<br \/>\nCette formule demandera une tr\u00e8s bonne pr\u00e9paration en amont pour \u00eatre apte \u00e0 passer l\u2019examen du code.<\/p>\n<p>informations 06-20-78-92-87 ou par mail lecap.bateauecole@icloud.com<\/p>\n<p><span style=\"color: #ff0000;\"><strong>Attention, ce tarif ne prend pas en compte le timbre fiscal de 78\u20ac pour l\u2019impression de votre permis ainsi que les frais d\u2019inscription \u00e0 l\u2019examen du code (30\u20ac par examen). Vous pouvez acheter votre timbre fiscal sur\u00a0<u><a style=\"color: #ff0000;\" href=\"https:\/\/timbres.impots.gouv.fr\/index.jsp\">https:\/\/timbres.impots.gouv.fr\/index.jsp<\/a><\/u><\/strong><\/span><\/p>\n<p><img decoding=\"async\" class=\"alignnone size-medium wp-image-10121\" src=\"https:\/\/epb-larochelle.fr\/wp-content\/uploads\/2024\/03\/paiement-strip-300x145.png\" alt=\"\" width=\"300\" height=\"145\" srcset=\"https:\/\/epb-larochelle.fr\/wp-content\/uploads\/2024\/03\/paiement-strip-300x145.png 300w, https:\/\/epb-larochelle.fr\/wp-content\/uploads\/2024\/03\/paiement-strip-450x217.png 450w, https:\/\/epb-larochelle.fr\/wp-content\/uploads\/2024\/03\/paiement-strip.png 663w\" sizes=\"(max-width: 300px) 100vw, 300px\" \/><\/p>\n","protected":false},"featured_media":9752,"template":"","meta":[],"product_cat":[15],"product_tag":[],"class_list":{"0":"post-10476","1":"product","2":"type-product","3":"status-publish","4":"has-post-thumbnail","6":"product_cat-permis-bateaux","8":"first","9":"instock","10":"sale","11":"shipping-taxable","12":"purchasable","13":"product-type-simple"},"_links":{"self":[{"href":"https:\/\/epb-larochelle.fr\/index.php\/wp-json\/wp\/v2\/product\/10476","targetHints":{"allow":["GET"]}}],"collection":[{"href":"https:\/\/epb-larochelle.fr\/index.php\/wp-json\/wp\/v2\/product"}],"about":[{"href":"https:\/\/epb-larochelle.fr\/index.php\/wp-json\/wp\/v2\/types\/product"}],"wp:featuredmedia":[{"embeddable":true,"href":"https:\/\/epb-larochelle.fr\/index.php\/wp-json\/wp\/v2\/media\/9752"}],"wp:attachment":[{"href":"https:\/\/epb-larochelle.fr\/index.php\/wp-json\/wp\/v2\/media?parent=10476"}],"wp:term":[{"taxonomy":"product_cat","embeddable":true,"href":"https:\/\/epb-larochelle.fr\/index.php\/wp-json\/wp\/v2\/product_cat?post=10476"},{"taxonomy":"product_tag","embeddable":true,"href":"https:\/\/epb-larochelle.fr\/index.php\/wp-json\/wp\/v2\/product_tag?post=10476"}],"curies":[{"name":"wp","href":"https:\/\/api.w.org\/{rel}","templated":true}]}}