{"id":20,"date":"2024-03-28T11:41:09","date_gmt":"2024-03-28T10:41:09","guid":{"rendered":"http:\/\/epb-larochelle.fr\/?post_type=product&#038;p=20"},"modified":"2026-03-15T21:29:36","modified_gmt":"2026-03-15T20:29:36","slug":"permis-cotier","status":"publish","type":"product","link":"https:\/\/epb-larochelle.fr\/index.php\/produit\/permis-cotier\/","title":{"rendered":"PERMIS C\u00d4TIER"},"content":{"rendered":"<p>Votre permis c\u00f4tier comprend<\/p>\n<p>1-les acc\u00e8s \u00e0 la formation en ligne via prepacode bateau EDISER VAGON dont le contenu est le suivant :<\/p>\n<p>Des cours et des tests en ligne pour une formation de qualit\u00e9, rapide, efficace et performante: 63 s\u00e9quences de cours et vid\u00e9os-contient 11 tests d&rsquo;apprentissage de 15 questions, soit 165 questions th\u00e9matiques par chapitre,11 modules de cours conformes au programme officiel et 401 questions d&rsquo;examen et 561 questions d&rsquo;entrainement<\/p>\n<p>Conforme au programme officiel<\/p>\n<p>responsive : adaptable \u00e0 tous les supports<\/p>\n<p>en lien avec la p\u00e9dagogie de la journ\u00e9e th\u00e9orique en salle<\/p>\n<p>suivi du r\u00e9sultat des stagiaires en temps r\u00e9el<\/p>\n<p>2-la journ\u00e9e th\u00e9orique de formation en pr\u00e9sentiel dans nos locaux de 9h15 \u00e0 17h30<\/p>\n<p>3-la pratique \u00e0 bord de notre bateau dont 2h00 \u00e0 la barre encadr\u00e9 par un formateur certifi\u00e9 et agr\u00e9\u00e9.<\/p>\n<p>4-le suivi et la gestion de votre dossier jusqu&rsquo;\u00e0 obtention du permis<\/p>\n<p>l&rsquo;inscription dans notre centre de formation est valable 6 mois \u00e0 date d&rsquo;inscription (paiement d&rsquo;un acompte ou du permis)<\/p>\n<p><b>ATTENTION PAS DE POSSIBILITE DE REALISER LA JOURNEE THEORIQUE ET LA DEMI JOURNEE DE PRATIQUE A SUIVRE LE LENDEMAIN- CONSULTER LE PRODUIT STAGE RAPIDE 2 JOURS<\/b><\/p>\n<p>&nbsp;<\/p>\n<p><strong>Le tarif s&rsquo;entend hors timbre fiscal de 78\u20ac (droit de d\u00e9livrance) et les frais d&rsquo;inscription de 30\u20ac pour inscription au code chez un op\u00e9rateur agr\u00e9\u00e9.<\/strong><\/p>\n","protected":false},"excerpt":{"rendered":"<div class=\"product-details__attraction-block product-details__product-on-sale\">\n<div class=\"ec-text-muted ec-text-initial-size\">\n<div class=\"product-details__attraction-block product-details__product-on-sale\">\n<div class=\"ec-text-muted ec-text-initial-size\">\n<p><strong>La formation au permis c\u00f4tier vous permet de naviguer en mer et sur lacs ferm\u00e9s jusqu\u2019\u00e0 6 milles d\u2019un abri.<\/strong><\/p>\n<h5>Voici le d\u00e9roulement du passage de ce permis\u00a0:<\/h5>\n<ul>\n<li>Inscription en ligne ou en agence (sur heures de permanence du mercredi) (dossier \u00e0 t\u00e9l\u00e9charger en ligne)<br \/>\nR\u00e9ception de vos codes d\u2019acc\u00e8s sous 48H ouvr\u00e9es par mail.<\/li>\n<li>Un cours th\u00e9orique en pr\u00e9sentiel obligatoire de 6h30 de 9h15 \u00e0 17h30 le samedi <strong>(Rendez-vous \u00e0 prendre par t\u00e9l\u00e9phone au 06 20 78 92 87)<\/strong> et restitution de votre dossier ce jour.<br \/>\nPassage de votre examen du code aupr\u00e8s de divers \u00e9tablissements agr\u00e9\u00e9s (La Poste, Code N\u2019GO, Dekra, Objectif Code)<br \/>\nFormation pratique sur la Rochelle (disponibilit\u00e9s du mardi au vendredi)<\/li>\n<\/ul>\n<p><span style=\"color: #ff0000;\"><strong>Attention, ce tarif ne prend pas en compte le timbre fiscal de 78\u20ac pour l\u2019impression de votre permis ainsi que les frais d\u2019inscription \u00e0 l\u2019examen du code (30\u20ac par examen). Vous pouvez acheter votre timbre fiscal sur <u><a style=\"color: #ff0000;\" href=\"https:\/\/timbres.impots.gouv.fr\/index.jsp\">https:\/\/timbres.impots.gouv.fr\/index.jsp<\/a><\/u><\/strong><\/span><\/p>\n<p><img decoding=\"async\" class=\"alignnone size-medium wp-image-10121\" src=\"https:\/\/epb-larochelle.fr\/wp-content\/uploads\/2024\/03\/paiement-strip-300x145.png\" alt=\"\" width=\"300\" height=\"145\" srcset=\"https:\/\/epb-larochelle.fr\/wp-content\/uploads\/2024\/03\/paiement-strip-300x145.png 300w, https:\/\/epb-larochelle.fr\/wp-content\/uploads\/2024\/03\/paiement-strip-450x217.png 450w, https:\/\/epb-larochelle.fr\/wp-content\/uploads\/2024\/03\/paiement-strip.png 663w\" sizes=\"(max-width: 300px) 100vw, 300px\" \/><\/p>\n<\/div>\n<\/div>\n<\/div>\n<\/div>\n","protected":false},"featured_media":9790,"template":"","meta":[],"product_cat":[15],"product_tag":[],"class_list":{"0":"post-20","1":"product","2":"type-product","3":"status-publish","4":"has-post-thumbnail","6":"product_cat-permis-bateaux","8":"first","9":"instock","10":"shipping-taxable","11":"purchasable","12":"product-type-simple"},"_links":{"self":[{"href":"https:\/\/epb-larochelle.fr\/index.php\/wp-json\/wp\/v2\/product\/20","targetHints":{"allow":["GET"]}}],"collection":[{"href":"https:\/\/epb-larochelle.fr\/index.php\/wp-json\/wp\/v2\/product"}],"about":[{"href":"https:\/\/epb-larochelle.fr\/index.php\/wp-json\/wp\/v2\/types\/product"}],"wp:featuredmedia":[{"embeddable":true,"href":"https:\/\/epb-larochelle.fr\/index.php\/wp-json\/wp\/v2\/media\/9790"}],"wp:attachment":[{"href":"https:\/\/epb-larochelle.fr\/index.php\/wp-json\/wp\/v2\/media?parent=20"}],"wp:term":[{"taxonomy":"product_cat","embeddable":true,"href":"https:\/\/epb-larochelle.fr\/index.php\/wp-json\/wp\/v2\/product_cat?post=20"},{"taxonomy":"product_tag","embeddable":true,"href":"https:\/\/epb-larochelle.fr\/index.php\/wp-json\/wp\/v2\/product_tag?post=20"}],"curies":[{"name":"wp","href":"https:\/\/api.w.org\/{rel}","templated":true}]}}