{"id":9996,"date":"2024-04-07T17:39:39","date_gmt":"2024-04-07T15:39:39","guid":{"rendered":"https:\/\/epb-larochelle.fr\/?post_type=product&#038;p=9996"},"modified":"2026-03-15T21:29:42","modified_gmt":"2026-03-15T20:29:42","slug":"carte-cadeau-fluvial","status":"publish","type":"product","link":"https:\/\/epb-larochelle.fr\/index.php\/produit\/carte-cadeau-fluvial\/","title":{"rendered":"CARTE CADEAU FLUVIAL"},"content":{"rendered":"<h5>Si la carte cadeau vous int\u00e9resse voici la d\u00e9marche:<\/h5>\n<p>\u2013 Commandez directement sur la boutique en ligne. Lors de cette commande, vous pouvez mettre une note pour personnalisation de la carte cadeau<\/p>\n<p>\u2013 Vous recevrez votre carte cadeau t\u00e9l\u00e9chargeable ainsi que la facture acquitt\u00e9e sous 24h ouvr\u00e9s par mail. (N\u2019oubliez pas de v\u00e9rifier vos courriers ind\u00e9sirables).<\/p>\n<p>\u2013 Cette derni\u00e8re sera \u00e0 offrir au b\u00e9n\u00e9ficiaire qui, \u00e0 partir de la date d\u2019achat, disposera de 6 mois pour passer son permis dans sa totalit\u00e9, formation et examens compris. (Des frais de prolongations sont appliqu\u00e9s si le permis n\u2019est pas pass\u00e9 dans les d\u00e9lais)<\/p>\n<p>\u2013 Afin de recevoir ses codes d\u2019acc\u00e8s \u00e0 la formation en ligne, le b\u00e9n\u00e9ficiaire devra nous contacter au 06-83-58-46-86 ou par mail : direction@epb-ecole-permis-bateaux.fr\u00a0 pour nous donner le num\u00e9ro de reference de la carte et lui ouvrir la formation (voir d\u00e9roul\u00e9 ci-dessous)<\/p>\n<p>&nbsp;<\/p>\n<h5>Cette formation comprend:<\/h5>\n<p>&nbsp;<\/p>\n<p>1-les acc\u00e8s \u00e0 la formation en ligne via prepacode bateau EDISER VAGON dont le contenu est le suivant :<\/p>\n<p>Des cours et des tests en ligne pour une formation de qualit\u00e9, rapide, efficace et performante: 63 s\u00e9quences de cours et vid\u00e9os-contient 11 tests d&rsquo;apprentissage de 15 questions, soit 165 questions th\u00e9matiques par chapitre,11 modules de cours conformes au programme officiel et 401 questions d&rsquo;examen et 561 questions d&rsquo;entrainement<\/p>\n<p>Conforme au programme officiel<\/p>\n<p>responsive : adaptable \u00e0 tous les supports<\/p>\n<p>en lien avec la p\u00e9dagogie de la journ\u00e9e th\u00e9orique en salle<\/p>\n<p>suivi du r\u00e9sultat des stagiaires en temps r\u00e9el<\/p>\n<p>2-la journ\u00e9e th\u00e9orique de formation en pr\u00e9sentiel dans nos locaux de 9h15 \u00e0 17h30<\/p>\n<p>3-la pratique \u00e0 bord de notre bateau dont 2h00 \u00e0 la barre encadr\u00e9 par un formateur certifi\u00e9 et agr\u00e9\u00e9.<\/p>\n<p>4-le suivi et la gestion de votre dossier jusqu&rsquo;\u00e0 obtention du permis<\/p>\n<p>carte cadeau valable 12 mois \u00e0 date d&rsquo;achat<\/p>\n<p><b>ATTENTION PAS DE POSSIBILITE DE REALISER LA JOURNEE THEORIQUE ET LA DEMI JOURNEE DE PRATIQUE A SUIVRE LE LENDEMAIN- CONSULTER LE PRODUIT STAGE RAPIDE 2 JOURS<\/b><\/p>\n<p>nous contacter 06-20-78-92-87<\/p>\n<p>&nbsp;<\/p>\n<p>&nbsp;<\/p>\n","protected":false},"excerpt":{"rendered":"<p><strong>La formation au fluvial vous permet de naviguer en rivi\u00e8res, fleuves et sur lacs ouverts.<\/strong><\/p>\n<h5>Voici le d\u00e9roulement du passage de ce permis si vous offrez une carte cadeau\u00a0:<\/h5>\n<ul>\n<li>Achat en ligne ou en agence\u00a0 (dossier \u00e0 t\u00e9l\u00e9charger en ligne).<\/li>\n<li>Le b\u00e9n\u00e9ficiaire envoie un mail avec <strong>le nom, pr\u00e9nom et n\u00b0 de facture ou r\u00e9f\u00e9rence de commande sur lecap.bateauecole@icloud.com<\/strong>\u00a0afin de recevoir ses codes d\u2019acc\u00e8s \u00e0 la formation en ligne ainsi que les informations pour le passage du permis sous 48H ouvr\u00e9es par mail.<\/li>\n<li>Effectuer sa formation en ligne et constituer son dossier.<\/li>\n<li>Un cours th\u00e9orique en pr\u00e9sentiel obligatoire de 6h30 de 9h30 \u00e0 17h30 le samedi <strong>(Rendez-vous \u00e0 prendre par t\u00e9l\u00e9phone au 06 20 78 92 87)<\/strong> et restitution de votre dossier ce jour.<\/li>\n<li>Passage de votre examen du code aupr\u00e8s de divers \u00e9tablissements agr\u00e9\u00e9s (La Poste, Code N\u2019GO, Dekra, Objectif Code).<\/li>\n<li>Formation pratique sur la Rochelle (disponibilit\u00e9s du mardi au vendredi).<\/li>\n<\/ul>\n<p><span style=\"color: #ff0000;\"><strong>Attention, ce tarif ne prend pas en compte le timbre fiscal de 78\u20ac pour l\u2019impression de votre permis ainsi que les frais d\u2019inscription \u00e0 l\u2019examen du code (30\u20ac par examen). Vous pouvez acheter votre timbre fiscal sur\u00a0<u><a style=\"color: #ff0000;\" href=\"https:\/\/timbres.impots.gouv.fr\/index.jsp\">https:\/\/timbres.impots.gouv.fr\/index.jsp<\/a><\/u><\/strong><\/span><\/p>\n<p><img decoding=\"async\" class=\"alignnone size-medium wp-image-10121\" src=\"https:\/\/epb-larochelle.fr\/wp-content\/uploads\/2024\/03\/paiement-strip-300x145.png\" alt=\"\" width=\"300\" height=\"145\" srcset=\"https:\/\/epb-larochelle.fr\/wp-content\/uploads\/2024\/03\/paiement-strip-300x145.png 300w, https:\/\/epb-larochelle.fr\/wp-content\/uploads\/2024\/03\/paiement-strip-450x217.png 450w, https:\/\/epb-larochelle.fr\/wp-content\/uploads\/2024\/03\/paiement-strip.png 663w\" sizes=\"(max-width: 300px) 100vw, 300px\" \/><\/p>\n","protected":false},"featured_media":10188,"template":"","meta":[],"product_cat":[85],"product_tag":[],"class_list":{"0":"post-9996","1":"product","2":"type-product","3":"status-publish","4":"has-post-thumbnail","6":"product_cat-nos-carte-cadeau","8":"first","9":"instock","10":"downloadable","11":"shipping-taxable","12":"purchasable","13":"product-type-simple"},"_links":{"self":[{"href":"https:\/\/epb-larochelle.fr\/index.php\/wp-json\/wp\/v2\/product\/9996","targetHints":{"allow":["GET"]}}],"collection":[{"href":"https:\/\/epb-larochelle.fr\/index.php\/wp-json\/wp\/v2\/product"}],"about":[{"href":"https:\/\/epb-larochelle.fr\/index.php\/wp-json\/wp\/v2\/types\/product"}],"wp:featuredmedia":[{"embeddable":true,"href":"https:\/\/epb-larochelle.fr\/index.php\/wp-json\/wp\/v2\/media\/10188"}],"wp:attachment":[{"href":"https:\/\/epb-larochelle.fr\/index.php\/wp-json\/wp\/v2\/media?parent=9996"}],"wp:term":[{"taxonomy":"product_cat","embeddable":true,"href":"https:\/\/epb-larochelle.fr\/index.php\/wp-json\/wp\/v2\/product_cat?post=9996"},{"taxonomy":"product_tag","embeddable":true,"href":"https:\/\/epb-larochelle.fr\/index.php\/wp-json\/wp\/v2\/product_tag?post=9996"}],"curies":[{"name":"wp","href":"https:\/\/api.w.org\/{rel}","templated":true}]}}